{"id":500,"date":"2023-02-23T17:06:48","date_gmt":"2023-02-23T17:06:48","guid":{"rendered":"https:\/\/determined-robinson.67-225-176-108.plesk.page\/?page_id=500"},"modified":"2024-06-07T15:13:33","modified_gmt":"2024-06-07T15:13:33","slug":"presence-et-domaine-des-employes","status":"publish","type":"page","link":"https:\/\/vensure.ca\/fr\/presence-et-domaine-des-employes\/","title":{"rendered":"Temps et pr\u00e9sences"},"content":{"rendered":"\t\t<div data-elementor-type=\"wp-page\" data-elementor-id=\"500\" class=\"elementor elementor-500 elementor-366\" data-elementor-post-type=\"page\">\n\t\t\t\t\t\t<main class=\"elementor-section elementor-top-section elementor-element elementor-element-4efd295 elementor-section-full_width elementor-section-height-default elementor-section-height-default\" data-id=\"4efd295\" data-element_type=\"section\" id=\"content\">\n\t\t\t\t\t\t<div class=\"elementor-container elementor-column-gap-no\">\n\t\t\t\t\t<div class=\"elementor-column elementor-col-100 elementor-top-column elementor-element elementor-element-65dc3e5\" data-id=\"65dc3e5\" data-element_type=\"column\">\n\t\t\t<div class=\"elementor-widget-wrap elementor-element-populated\">\n\t\t\t\t\t\t<div class=\"elementor-element elementor-element-4cb85ec elementor-widget elementor-widget-template\" data-id=\"4cb85ec\" data-element_type=\"widget\" data-widget_type=\"template.default\">\n\t\t\t\t<div class=\"elementor-widget-container\">\n\t\t\t\t\t\t\t<div class=\"elementor-template\">\n\t\t\t\t\t<div data-elementor-type=\"section\" data-elementor-id=\"510\" class=\"elementor elementor-510 elementor-159\" data-elementor-post-type=\"elementor_library\">\n\t\t\t\t\t<section class=\"elementor-section elementor-top-section elementor-element elementor-element-4a59392 elementor-section-content-middle elementor-section-boxed elementor-section-height-default elementor-section-height-default\" data-id=\"4a59392\" data-element_type=\"section\" data-settings=\"{&quot;background_background&quot;:&quot;classic&quot;}\">\n\t\t\t\t\t\t<div class=\"elementor-container elementor-column-gap-default\">\n\t\t\t\t\t<div class=\"elementor-column elementor-col-50 elementor-top-column elementor-element elementor-element-09b3ac0\" data-id=\"09b3ac0\" data-element_type=\"column\">\n\t\t\t<div class=\"elementor-widget-wrap elementor-element-populated\">\n\t\t\t\t\t\t<div class=\"elementor-element elementor-element-3a9b063 elementor-widget elementor-widget-heading\" data-id=\"3a9b063\" data-element_type=\"widget\" data-widget_type=\"heading.default\">\n\t\t\t\t<div class=\"elementor-widget-container\">\n\t\t\t\t\t<h2 class=\"elementor-heading-title elementor-size-default\">Temps et pr\u00e9sences<\/h2>\t\t\t\t<\/div>\n\t\t\t\t<\/div>\n\t\t\t\t\t<\/div>\n\t\t<\/div>\n\t\t\t\t<div class=\"elementor-column elementor-col-50 elementor-top-column elementor-element elementor-element-20686e4\" data-id=\"20686e4\" data-element_type=\"column\">\n\t\t\t<div class=\"elementor-widget-wrap elementor-element-populated\">\n\t\t\t\t\t\t<div class=\"elementor-element elementor-element-adc85b7 jet-breadcrumbs-align-right jet-breadcrumbs-align-mobile-left elementor-widget elementor-widget-jet-breadcrumbs\" data-id=\"adc85b7\" data-element_type=\"widget\" data-widget_type=\"jet-breadcrumbs.default\">\n\t\t\t\t<div class=\"elementor-widget-container\">\n\t\t\t\t\t<div class=\"elementor-jet-breadcrumbs jet-blocks\">\n\t\t<div class=\"jet-breadcrumbs\">\n\t\t<div class=\"jet-breadcrumbs__content\">\n\t\t<div class=\"jet-breadcrumbs__wrap\"><div class=\"jet-breadcrumbs__item\"><a href=\"https:\/\/vensure.ca\/fr\/\" class=\"jet-breadcrumbs__item-link is-home\" rel=\"home\" title=\"Accueil\">Accueil<\/a><\/div>\n\t\t<\/div>\n\t\t<\/div>\n\t\t<\/div><\/div>\t\t\t\t<\/div>\n\t\t\t\t<\/div>\n\t\t\t\t\t<\/div>\n\t\t<\/div>\n\t\t\t\t\t<\/div>\n\t\t<\/section>\n\t\t\t\t<\/div>\n\t\t\t\t<\/div>\n\t\t\t\t\t\t<\/div>\n\t\t\t\t<\/div>\n\t\t\t\t\t<\/div>\n\t\t<\/div>\n\t\t\t\t\t<\/div>\n\t\t<\/main>\n\t\t\t\t<section class=\"elementor-section elementor-top-section elementor-element elementor-element-021ddf6 elementor-section-boxed elementor-section-height-default elementor-section-height-default\" data-id=\"021ddf6\" data-element_type=\"section\">\n\t\t\t\t\t\t<div class=\"elementor-container elementor-column-gap-default\">\n\t\t\t\t\t<div class=\"elementor-column elementor-col-66 elementor-top-column elementor-element elementor-element-5188915\" data-id=\"5188915\" data-element_type=\"column\">\n\t\t\t<div class=\"elementor-widget-wrap elementor-element-populated\">\n\t\t\t\t\t\t<div class=\"elementor-element elementor-element-588ee41 elementor-widget elementor-widget-heading\" data-id=\"588ee41\" data-element_type=\"widget\" data-widget_type=\"heading.default\">\n\t\t\t\t<div class=\"elementor-widget-container\">\n\t\t\t\t\t<h1 class=\"elementor-heading-title elementor-size-default\">Temps et pr\u00e9sences<\/h1>\t\t\t\t<\/div>\n\t\t\t\t<\/div>\n\t\t\t\t<div class=\"elementor-element elementor-element-909c7d3 elementor-widget elementor-widget-text-editor\" data-id=\"909c7d3\" data-element_type=\"widget\" data-widget_type=\"text-editor.default\">\n\t\t\t\t<div class=\"elementor-widget-container\">\n\t\t\t\t\t\t\t\t\t<p>L\u2019objectif principal de VensureHR est d\u2019aider les organisations \u00e0 rationaliser l\u2019ensemble de leur processus de paie en automatisant autant de processus manuels que possible. \u00c0 cette fin, VensureHR propose une solution int\u00e9gr\u00e9e de gestion du temps et de pr\u00e9sence directement li\u00e9e \u00e0 notre portail Web du domaine des employ\u00e9s.<\/p><p>Notre portail Web du domaine des employ\u00e9s est accessible sur n\u2019importe quel appareil compatible Internet ainsi que via nos applications Web t\u00e9l\u00e9chargeables. Les employ\u00e9s peuvent mettre \u00e0 jour leur profil personnel, consulter et t\u00e9l\u00e9charger leurs relev\u00e9s de revenus et documents de fin d\u2019ann\u00e9e, ainsi que saisir des heures et demander des cong\u00e9s. Les employeurs peuvent cr\u00e9er plusieurs horaires d\u2019employ\u00e9s, politiques de pr\u00e9sence et r\u00e8gles d\u2019arrondi permettant de convertir les points bruts en heures totales pour la paie.<\/p><p>VensureHR propose plusieurs options d\u2019horloge, notamment des dispositifs biom\u00e9triques de reconnaissance des empreintes digitales et des visages. VensureHR peut \u00e9galement s\u2019int\u00e9grer \u00e0 plusieurs appareils \u00e0 carte de proximit\u00e9. Les employ\u00e9s peuvent \u00e9galement t\u00e9l\u00e9charger notre application de suivi du temps pour pouvoir se connecter \u00e0 partir de leur t\u00e9l\u00e9phone portable. Si votre entreprise dispose actuellement d\u2019une solution de gestion du temps et des pr\u00e9sences, VensureHR peut importer des heures \u00e0 partir de n\u2019importe quel syst\u00e8me capable de cr\u00e9er une exportation au format Excel ou Texte. Parlez-nous ou cliquez ici pour en savoir plus!<\/p>\t\t\t\t\t\t\t\t<\/div>\n\t\t\t\t<\/div>\n\t\t\t\t<section class=\"elementor-section elementor-inner-section elementor-element elementor-element-b4d678c elementor-section-boxed elementor-section-height-default elementor-section-height-default\" data-id=\"b4d678c\" data-element_type=\"section\">\n\t\t\t\t\t\t<div class=\"elementor-container elementor-column-gap-no\">\n\t\t\t\t\t<div class=\"elementor-column elementor-col-100 elementor-inner-column elementor-element elementor-element-baa76cc\" data-id=\"baa76cc\" data-element_type=\"column\">\n\t\t\t<div class=\"elementor-widget-wrap elementor-element-populated\">\n\t\t\t\t\t\t<div class=\"elementor-element elementor-element-361d7d9 elementor-widget__width-auto elementor-mobile-align-left elementor-widget-mobile__width-inherit elementor-widget elementor-widget-button\" data-id=\"361d7d9\" data-element_type=\"widget\" data-widget_type=\"button.default\">\n\t\t\t\t<div class=\"elementor-widget-container\">\n\t\t\t\t\t\t\t\t\t<div class=\"elementor-button-wrapper\">\n\t\t\t\t\t<a class=\"elementor-button elementor-button-link elementor-size-sm\" href=\"https:\/\/statements.ouipay.ca\/\" target=\"_blank\" rel=\"noopener\">\n\t\t\t\t\t\t<span class=\"elementor-button-content-wrapper\">\n\t\t\t\t\t\t\t\t\t<span class=\"elementor-button-text\">Statements.VensureHR Login<\/span>\n\t\t\t\t\t<\/span>\n\t\t\t\t\t<\/a>\n\t\t\t\t<\/div>\n\t\t\t\t\t\t\t\t<\/div>\n\t\t\t\t<\/div>\n\t\t\t\t<div class=\"elementor-element elementor-element-0012427 elementor-widget__width-auto elementor-mobile-align-left elementor-widget-mobile__width-inherit elementor-widget elementor-widget-button\" data-id=\"0012427\" data-element_type=\"widget\" data-widget_type=\"button.default\">\n\t\t\t\t<div class=\"elementor-widget-container\">\n\t\t\t\t\t\t\t\t\t<div class=\"elementor-button-wrapper\">\n\t\t\t\t\t<a class=\"elementor-button elementor-button-link elementor-size-sm\" href=\"https:\/\/www.employeedomain.com\/login\" target=\"_blank\" rel=\"noopener\">\n\t\t\t\t\t\t<span class=\"elementor-button-content-wrapper\">\n\t\t\t\t\t\t\t\t\t<span class=\"elementor-button-text\">Employee Domain<\/span>\n\t\t\t\t\t<\/span>\n\t\t\t\t\t<\/a>\n\t\t\t\t<\/div>\n\t\t\t\t\t\t\t\t<\/div>\n\t\t\t\t<\/div>\n\t\t\t\t\t<\/div>\n\t\t<\/div>\n\t\t\t\t\t<\/div>\n\t\t<\/section>\n\t\t\t\t\t<\/div>\n\t\t<\/div>\n\t\t\t\t<div class=\"elementor-column elementor-col-33 elementor-top-column elementor-element elementor-element-1e917fa\" data-id=\"1e917fa\" data-element_type=\"column\">\n\t\t\t<div class=\"elementor-widget-wrap elementor-element-populated\">\n\t\t\t\t\t\t<div class=\"elementor-element elementor-element-7cd603e elementor-widget elementor-widget-template\" data-id=\"7cd603e\" data-element_type=\"widget\" data-widget_type=\"template.default\">\n\t\t\t\t<div class=\"elementor-widget-container\">\n\t\t\t\t\t\t\t<div class=\"elementor-template\">\n\t\t\t\t\t<div data-elementor-type=\"section\" data-elementor-id=\"505\" class=\"elementor elementor-505 elementor-172\" data-elementor-post-type=\"elementor_library\">\n\t\t\t\t\t<section class=\"elementor-section elementor-top-section elementor-element elementor-element-d4ffaf4 elementor-section-boxed elementor-section-height-default elementor-section-height-default\" data-id=\"d4ffaf4\" data-element_type=\"section\" data-settings=\"{&quot;background_background&quot;:&quot;classic&quot;}\">\n\t\t\t\t\t\t<div class=\"elementor-container elementor-column-gap-default\">\n\t\t\t\t\t<div class=\"elementor-column elementor-col-100 elementor-top-column elementor-element elementor-element-be6c0ac\" data-id=\"be6c0ac\" data-element_type=\"column\">\n\t\t\t<div class=\"elementor-widget-wrap elementor-element-populated\">\n\t\t\t\t\t\t<div class=\"elementor-element elementor-element-4cd1ab5 elementor-view-stacked elementor-shape-circle elementor-position-top elementor-mobile-position-top elementor-widget elementor-widget-icon-box\" data-id=\"4cd1ab5\" data-element_type=\"widget\" data-widget_type=\"icon-box.default\">\n\t\t\t\t<div class=\"elementor-widget-container\">\n\t\t\t\t\t\t\t<div class=\"elementor-icon-box-wrapper\">\n\n\t\t\t\t\t\t<div class=\"elementor-icon-box-icon\">\n\t\t\t\t<span  class=\"elementor-icon\">\n\t\t\t\t<i aria-hidden=\"true\" class=\"fas fa-calculator\"><\/i>\t\t\t\t<\/span>\n\t\t\t<\/div>\n\t\t\t\n\t\t\t\t\t\t<div class=\"elementor-icon-box-content\">\n\n\t\t\t\t\t\t\t\t\t<h2 class=\"elementor-icon-box-title\">\n\t\t\t\t\t\t<span  >\n\t\t\t\t\t\t\tDemander un devis\t\t\t\t\t\t<\/span>\n\t\t\t\t\t<\/h2>\n\t\t\t\t\n\t\t\t\t\t\t\t\t\t<p class=\"elementor-icon-box-description\">\n\t\t\t\t\t\tParlez-nous un peu de ce que vous recherchez et laissez-nous faire le reste. \nNous vous enverrons un devis personnalis\u00e9.\t\t\t\t\t<\/p>\n\t\t\t\t\n\t\t\t<\/div>\n\t\t\t\n\t\t<\/div>\n\t\t\t\t\t\t<\/div>\n\t\t\t\t<\/div>\n\t\t\t\t<div class=\"elementor-element elementor-element-7b1b46e elementor-align-center elementor-widget elementor-widget-button\" data-id=\"7b1b46e\" data-element_type=\"widget\" data-widget_type=\"button.default\">\n\t\t\t\t<div class=\"elementor-widget-container\">\n\t\t\t\t\t\t\t\t\t<div class=\"elementor-button-wrapper\">\n\t\t\t\t\t<a class=\"elementor-button elementor-button-link elementor-size-sm\" href=\"https:\/\/vensure.ca\/fr\/demandez-un-devis\/\">\n\t\t\t\t\t\t<span class=\"elementor-button-content-wrapper\">\n\t\t\t\t\t\t\t\t\t<span class=\"elementor-button-text\">Demander un devis<\/span>\n\t\t\t\t\t<\/span>\n\t\t\t\t\t<\/a>\n\t\t\t\t<\/div>\n\t\t\t\t\t\t\t\t<\/div>\n\t\t\t\t<\/div>\n\t\t\t\t<div class=\"elementor-element elementor-element-4515e77 elementor-widget-divider--view-line elementor-widget elementor-widget-divider\" data-id=\"4515e77\" data-element_type=\"widget\" data-widget_type=\"divider.default\">\n\t\t\t\t<div class=\"elementor-widget-container\">\n\t\t\t\t\t\t\t<div class=\"elementor-divider\">\n\t\t\t<span class=\"elementor-divider-separator\">\n\t\t\t\t\t\t<\/span>\n\t\t<\/div>\n\t\t\t\t\t\t<\/div>\n\t\t\t\t<\/div>\n\t\t\t\t<div class=\"elementor-element elementor-element-43854dc elementor-widget elementor-widget-image\" data-id=\"43854dc\" data-element_type=\"widget\" data-widget_type=\"image.default\">\n\t\t\t\t<div class=\"elementor-widget-container\">\n\t\t\t\t\t\t\t\t\t\t\t\t\t\t\t<img fetchpriority=\"high\" decoding=\"async\" width=\"640\" height=\"426\" src=\"https:\/\/vensure.ca\/wp-content\/uploads\/2023\/02\/time-2980690_640.jpg\" class=\"attachment-large size-large wp-image-489\" alt=\"An analog clock in an office desk\" srcset=\"https:\/\/vensure.ca\/wp-content\/uploads\/2023\/02\/time-2980690_640.jpg 640w, https:\/\/vensure.ca\/wp-content\/uploads\/2023\/02\/time-2980690_640-300x200.jpg 300w\" sizes=\"(max-width: 640px) 100vw, 640px\" \/>\t\t\t\t\t\t\t\t\t\t\t\t\t\t\t<\/div>\n\t\t\t\t<\/div>\n\t\t\t\t<div class=\"elementor-element elementor-element-120c7fb elementor-view-stacked elementor-shape-circle elementor-position-top elementor-mobile-position-top elementor-widget elementor-widget-icon-box\" data-id=\"120c7fb\" data-element_type=\"widget\" data-widget_type=\"icon-box.default\">\n\t\t\t\t<div class=\"elementor-widget-container\">\n\t\t\t\t\t\t\t<div class=\"elementor-icon-box-wrapper\">\n\n\t\t\t\t\t\t<div class=\"elementor-icon-box-icon\">\n\t\t\t\t<span  class=\"elementor-icon\">\n\t\t\t\t<i aria-hidden=\"true\" class=\"fas fa-phone-alt\"><\/i>\t\t\t\t<\/span>\n\t\t\t<\/div>\n\t\t\t\n\t\t\t\t\t\t<div class=\"elementor-icon-box-content\">\n\n\t\t\t\t\t\t\t\t\t<h2 class=\"elementor-icon-box-title\">\n\t\t\t\t\t\t<span  >\n\t\t\t\t\t\t\tContactez-nous\t\t\t\t\t\t<\/span>\n\t\t\t\t\t<\/h2>\n\t\t\t\t\n\t\t\t\t\t\t\t\t\t<p class=\"elementor-icon-box-description\">\n\t\t\t\t\t\tVous avez une question ? \nNous avons une r\u00e9ponse ! \nContactez-nous d\u00e8s aujourd'hui.\t\t\t\t\t<\/p>\n\t\t\t\t\n\t\t\t<\/div>\n\t\t\t\n\t\t<\/div>\n\t\t\t\t\t\t<\/div>\n\t\t\t\t<\/div>\n\t\t\t\t<div class=\"elementor-element elementor-element-b13fc78 elementor-align-center elementor-widget elementor-widget-button\" data-id=\"b13fc78\" data-element_type=\"widget\" data-widget_type=\"button.default\">\n\t\t\t\t<div class=\"elementor-widget-container\">\n\t\t\t\t\t\t\t\t\t<div class=\"elementor-button-wrapper\">\n\t\t\t\t\t<a class=\"elementor-button elementor-button-link elementor-size-sm\" href=\"https:\/\/vensure.ca\/fr\/contact\/\">\n\t\t\t\t\t\t<span class=\"elementor-button-content-wrapper\">\n\t\t\t\t\t\t\t\t\t<span class=\"elementor-button-text\">Contactez-nous<\/span>\n\t\t\t\t\t<\/span>\n\t\t\t\t\t<\/a>\n\t\t\t\t<\/div>\n\t\t\t\t\t\t\t\t<\/div>\n\t\t\t\t<\/div>\n\t\t\t\t\t<\/div>\n\t\t<\/div>\n\t\t\t\t\t<\/div>\n\t\t<\/section>\n\t\t\t\t<\/div>\n\t\t\t\t<\/div>\n\t\t\t\t\t\t<\/div>\n\t\t\t\t<\/div>\n\t\t\t\t\t<\/div>\n\t\t<\/div>\n\t\t\t\t\t<\/div>\n\t\t<\/section>\n\t\t\t\t<\/div>\n\t\t","protected":false},"excerpt":{"rendered":"<p>L\u2019objectif principal de VensureHR est d\u2019aider les organisations \u00e0 rationaliser l\u2019ensemble de leur processus de paie en automatisant autant de processus manuels que possible. \u00c0 cette fin, VensureHR propose une solution int\u00e9gr\u00e9e de gestion du temps et de pr\u00e9sence directement li\u00e9e \u00e0 notre portail Web du domaine des employ\u00e9s. Notre portail Web du domaine des [&hellip;]<\/p>\n","protected":false},"author":1,"featured_media":0,"parent":0,"menu_order":0,"comment_status":"closed","ping_status":"closed","template":"elementor_header_footer","meta":{"footnotes":""},"class_list":["post-500","page","type-page","status-publish","hentry"],"_links":{"self":[{"href":"https:\/\/vensure.ca\/fr\/wp-json\/wp\/v2\/pages\/500","targetHints":{"allow":["GET"]}}],"collection":[{"href":"https:\/\/vensure.ca\/fr\/wp-json\/wp\/v2\/pages"}],"about":[{"href":"https:\/\/vensure.ca\/fr\/wp-json\/wp\/v2\/types\/page"}],"author":[{"embeddable":true,"href":"https:\/\/vensure.ca\/fr\/wp-json\/wp\/v2\/users\/1"}],"replies":[{"embeddable":true,"href":"https:\/\/vensure.ca\/fr\/wp-json\/wp\/v2\/comments?post=500"}],"version-history":[{"count":14,"href":"https:\/\/vensure.ca\/fr\/wp-json\/wp\/v2\/pages\/500\/revisions"}],"predecessor-version":[{"id":1544,"href":"https:\/\/vensure.ca\/fr\/wp-json\/wp\/v2\/pages\/500\/revisions\/1544"}],"wp:attachment":[{"href":"https:\/\/vensure.ca\/fr\/wp-json\/wp\/v2\/media?parent=500"}],"curies":[{"name":"wp","href":"https:\/\/api.w.org\/{rel}","templated":true}]}}