{"id":543,"date":"2023-02-23T18:17:56","date_gmt":"2023-02-23T18:17:56","guid":{"rendered":"https:\/\/determined-robinson.67-225-176-108.plesk.page\/?page_id=543"},"modified":"2024-06-07T19:15:59","modified_gmt":"2024-06-07T19:15:59","slug":"mention-legale","status":"publish","type":"page","link":"https:\/\/vensure.ca\/fr\/mention-legale\/","title":{"rendered":"Mention l\u00e9gale"},"content":{"rendered":"\t\t<div data-elementor-type=\"wp-page\" data-elementor-id=\"543\" class=\"elementor elementor-543 elementor-380\" data-elementor-post-type=\"page\">\n\t\t\t\t\t\t<main class=\"elementor-section elementor-top-section elementor-element elementor-element-6230e63 elementor-section-full_width elementor-section-height-default elementor-section-height-default\" data-id=\"6230e63\" data-element_type=\"section\" id=\"content\">\n\t\t\t\t\t\t<div class=\"elementor-container elementor-column-gap-no\">\n\t\t\t\t\t<div class=\"elementor-column elementor-col-100 elementor-top-column elementor-element elementor-element-4cbd996\" data-id=\"4cbd996\" data-element_type=\"column\">\n\t\t\t<div class=\"elementor-widget-wrap elementor-element-populated\">\n\t\t\t\t\t\t<div class=\"elementor-element elementor-element-2bd5ae0 elementor-widget elementor-widget-template\" data-id=\"2bd5ae0\" data-element_type=\"widget\" data-widget_type=\"template.default\">\n\t\t\t\t<div class=\"elementor-widget-container\">\n\t\t\t\t\t\t\t<div class=\"elementor-template\">\n\t\t\t\t\t<div data-elementor-type=\"section\" data-elementor-id=\"510\" class=\"elementor elementor-510 elementor-159\" data-elementor-post-type=\"elementor_library\">\n\t\t\t\t\t<section class=\"elementor-section elementor-top-section elementor-element elementor-element-4a59392 elementor-section-content-middle elementor-section-boxed elementor-section-height-default elementor-section-height-default\" data-id=\"4a59392\" data-element_type=\"section\" data-settings=\"{&quot;background_background&quot;:&quot;classic&quot;}\">\n\t\t\t\t\t\t<div class=\"elementor-container elementor-column-gap-default\">\n\t\t\t\t\t<div class=\"elementor-column elementor-col-50 elementor-top-column elementor-element elementor-element-09b3ac0\" data-id=\"09b3ac0\" data-element_type=\"column\">\n\t\t\t<div class=\"elementor-widget-wrap elementor-element-populated\">\n\t\t\t\t\t\t<div class=\"elementor-element elementor-element-3a9b063 elementor-widget elementor-widget-heading\" data-id=\"3a9b063\" data-element_type=\"widget\" data-widget_type=\"heading.default\">\n\t\t\t\t<div class=\"elementor-widget-container\">\n\t\t\t\t\t<h2 class=\"elementor-heading-title elementor-size-default\">Mention l\u00e9gale<\/h2>\t\t\t\t<\/div>\n\t\t\t\t<\/div>\n\t\t\t\t\t<\/div>\n\t\t<\/div>\n\t\t\t\t<div class=\"elementor-column elementor-col-50 elementor-top-column elementor-element elementor-element-20686e4\" data-id=\"20686e4\" data-element_type=\"column\">\n\t\t\t<div class=\"elementor-widget-wrap elementor-element-populated\">\n\t\t\t\t\t\t<div class=\"elementor-element elementor-element-adc85b7 jet-breadcrumbs-align-right jet-breadcrumbs-align-mobile-left elementor-widget elementor-widget-jet-breadcrumbs\" data-id=\"adc85b7\" data-element_type=\"widget\" data-widget_type=\"jet-breadcrumbs.default\">\n\t\t\t\t<div class=\"elementor-widget-container\">\n\t\t\t\t\t<div class=\"elementor-jet-breadcrumbs jet-blocks\">\n\t\t<div class=\"jet-breadcrumbs\">\n\t\t<div class=\"jet-breadcrumbs__content\">\n\t\t<div class=\"jet-breadcrumbs__wrap\"><div class=\"jet-breadcrumbs__item\"><a href=\"https:\/\/vensure.ca\/fr\/\" class=\"jet-breadcrumbs__item-link is-home\" rel=\"home\" title=\"Accueil\">Accueil<\/a><\/div>\n\t\t<\/div>\n\t\t<\/div>\n\t\t<\/div><\/div>\t\t\t\t<\/div>\n\t\t\t\t<\/div>\n\t\t\t\t\t<\/div>\n\t\t<\/div>\n\t\t\t\t\t<\/div>\n\t\t<\/section>\n\t\t\t\t<\/div>\n\t\t\t\t<\/div>\n\t\t\t\t\t\t<\/div>\n\t\t\t\t<\/div>\n\t\t\t\t\t<\/div>\n\t\t<\/div>\n\t\t\t\t\t<\/div>\n\t\t<\/main>\n\t\t\t\t<section class=\"elementor-section elementor-top-section elementor-element elementor-element-1f8ad0c elementor-section-boxed elementor-section-height-default elementor-section-height-default\" data-id=\"1f8ad0c\" data-element_type=\"section\">\n\t\t\t\t\t\t<div class=\"elementor-container elementor-column-gap-default\">\n\t\t\t\t\t<div class=\"elementor-column elementor-col-100 elementor-top-column elementor-element elementor-element-16efbf3\" data-id=\"16efbf3\" data-element_type=\"column\">\n\t\t\t<div class=\"elementor-widget-wrap elementor-element-populated\">\n\t\t\t\t\t\t<div class=\"elementor-element elementor-element-55deb07 elementor-widget elementor-widget-heading\" data-id=\"55deb07\" data-element_type=\"widget\" data-widget_type=\"heading.default\">\n\t\t\t\t<div class=\"elementor-widget-container\">\n\t\t\t\t\t<h1 class=\"elementor-heading-title elementor-size-default\">Mention L\u00e9gale\n<\/h1>\t\t\t\t<\/div>\n\t\t\t\t<\/div>\n\t\t\t\t<div class=\"elementor-element elementor-element-cfc2927 elementor-widget elementor-widget-heading\" data-id=\"cfc2927\" data-element_type=\"widget\" data-widget_type=\"heading.default\">\n\t\t\t\t<div class=\"elementor-widget-container\">\n\t\t\t\t\t<h2 class=\"elementor-heading-title elementor-size-default\">Les conditions d\u2019utilisation suivantes r\u00e9gissent l\u2019utilisation du contenu, des documents et des graphiques disponibles sur ce site Web.\n<\/h2>\t\t\t\t<\/div>\n\t\t\t\t<\/div>\n\t\t\t\t<div class=\"elementor-element elementor-element-1f1ad36 elementor-widget elementor-widget-text-editor\" data-id=\"1f1ad36\" data-element_type=\"widget\" data-widget_type=\"text-editor.default\">\n\t\t\t\t<div class=\"elementor-widget-container\">\n\t\t\t\t\t\t\t\t\t<h3>G\u00e9n\u00e9rale<\/h3><p>Ce site Web appartient et est exploit\u00e9 par VensureHR. En visitant notre site Web situ\u00e9 \u00e0 <a href=\"http:\/\/www.vensure.ca\">www.vensure.ca<\/a>, vous acceptez d\u2019\u00eatre li\u00e9 par les termes et conditions des conditions d\u2019utilisation.<\/p><p>Les informations contenues sur cette page Web sont fournies \u00e0 titre indicatif uniquement et ne visent pas \u00e0 vous fournir des conseils juridiques. Le contenu de cette page peut \u00eatre modifi\u00e9 sans pr\u00e9avis. Vous devriez consulter votre propre avocat avant d\u2019entreprendre toute action bas\u00e9e sur des informations sur ce site Web ou sur d\u2019autres sites li\u00e9s \u00e0 ce site.<\/p><h3>Documents et contenu disponibles sur ce site<\/h3><p>Vous pouvez copier et imprimer \u00e9lectroniquement des copies papier des pages de ce site Web pour votre usage personnel \u00e0 condition qu\u2019il soit fait r\u00e9f\u00e9rence aux services de paie VensureHR lorsque le document est utilis\u00e9. En dehors de ce qui pr\u00e9c\u00e8de, vous ne pouvez pas reproduire, publier, transmettre, distribuer, afficher, modifier, cr\u00e9er des \u0153uvres d\u00e9riv\u00e9es, vendre ou participer \u00e0 toute vente ou exploiter de quelque mani\u00e8re que ce soit ce site Web ou l\u2019un de ses contenus.<\/p><p>Ce site Web peut contenir des liens vers d\u2019autres sites Internet. Ces sites Internet sont ind\u00e9pendants de ce site et les services de paie VensureHR ne font aucune repr\u00e9sentation ou garantie \u00e0 l\u2019\u00e9gard de ces sites Internet. VensureHR Payroll Services n\u2019a aucun contr\u00f4le sur le contenu de ces autres sites Internet et la fourniture du lien ne constitue pas une approbation par VensureHR des autres sites Internet.<\/p><h3>Avertissement<\/h3><p>CE SITE EST FOURNI PAR VENSUREHR SUR UNE BASE \u00abTEL QUEL\u00bb. VENSUREHR NE FAIT AUCUNE REPR\u00c9SENTATION OU GARANTIE D\u2019AUCUNE SORTE, EXPRESSE OU IMPLICITE, CONCERNANT LE FONCTIONNEMENT DE CE SITE OU LES INFORMATIONS, CONTENU, MAT\u00c9RIEL OU PRODUITS INCLUS SUR CE SITE.<\/p><p>Bien que des efforts raisonnables soient d\u00e9ploy\u00e9s pour s\u2019assurer que ce site Web sera \u00e0 jour et exact, VensureHR ne repr\u00e9sente ni ne garantit que ce site Web sera sans erreur, ou compl\u00e8tement exact ou \u00e0 jour \u00e0 tout moment ou \u00e0 tout moment. VOUS ACCEPTEZ EXPRESS\u00c9MENT QUE VOTRE UTILISATION DE CE SITE SE FAIT \u00c0 VOS PROPRES RISQUES.<\/p><h3>Marques de commerce<\/h3><p>Tout le contenu, y compris le texte, la conception, les graphiques, les photographies, le code et les logiciels utilis\u00e9s ou incorpor\u00e9s dans ce site Web ainsi que l\u2019organisation et la pr\u00e9sentation de ce contenu sont des droits d\u2019auteur, des marques commerciales ou d\u2019autres propri\u00e9t\u00e9s intellectuelles d\u00e9tenues ou conc\u00e9d\u00e9es sous licence par VensureHR. N\u00e9anmoins, la s\u00e9rie EMPulse et le logo de la s\u00e9rie EMPulse mentionn\u00e9s et affich\u00e9s ici sont des marques commerciales d\u2019ORANGE Digital Systems.<\/p><p>VensureHR et les noms des solutions et services VensureHR r\u00e9f\u00e9renc\u00e9s dans le pr\u00e9sent document sont des marques commerciales ou des marques d\u00e9pos\u00e9es de VensureHR. Tous les autres noms de produits et de soci\u00e9t\u00e9s mentionn\u00e9s dans le pr\u00e9sent document sont des marques commerciales de leurs propri\u00e9taires respectifs, comme indiqu\u00e9.<\/p><p>Tous les droits non express\u00e9ment accord\u00e9s dans les pr\u00e9sentes sont r\u00e9serv\u00e9s par VensureHR. Rien sur ce site Web n\u2019accorde, ou ne doit \u00eatre consid\u00e9r\u00e9 comme octroyer, une licence ou un droit en vertu de tout droit d\u2019auteur, brevet ou marque de commerce de VensureHR.<\/p><h3>Limitation de responsabilit\u00e9<\/h3><p>DANS TOUTE LA MESURE AUTORIS\u00c9E PAR LA LOI APPLICABLE, VENSUREHR D\u00c9CLINE TOUTE GARANTIE, EXPRESSE OU IMPLICITE, Y COMPRIS, MAIS SANS S\u2019Y LIMITER, LES GARANTIES IMPLICITES DE QUALIT\u00c9 MARCHANDE ET D\u2019AD\u00c9QUATION \u00c0 UN USAGE PARTICULIER. VENSUREHR NE GARANTIT PAS QUE CE SITE, SES SERVEURS OU E-MAIL ENVOY\u00c9S PAR LES SERVICES VENSUREHR SONT EXEMPT DE VIRUS OU D\u2019AUTRES COMPOSANTS NOCIFS. VENSUREHR NE SERA PAS RESPONSABLE DE TOUT DOMMAGE DE QUELQUE NATURE QUE CE SOIT R\u00c9SULTANT DE L\u2019UTILISATION DE CE SITE, Y COMPRIS, MAIS SANS S\u2019Y LIMITER, LES DOMMAGES DIRECTS, INDIRECTS, ACCESSOIRES, PUNITIFS ET CONS\u00c9CUTIFS.<\/p><p>CERTAINES LOIS PROVINCIALES ET D\u2019\u00c9TAT NE PERMETTENT PAS LES LIMITATIONS SUR LES GARANTIES IMPLICITES OU L\u2019EXCLUSION OU LA LIMITATION DE CERTAINS DOMMAGES. SI CES LOIS S\u2019APPLIQUENT \u00c0 VOUS, CERTAINES OU TOUTES LES EXCLUSIONS, EXCLUSIONS OU LIMITATIONS CI-DESSUS PEUVENT NE PAS S\u2019APPLIQUER \u00c0 VOUS, ET VOUS POUVEZ AVOIR DES DROITS SUPPL\u00c9MENTAIRES.<\/p><h3>Questions ou commentaires<\/h3><p>Si vous avez des questions ou des pr\u00e9occupations concernant nos conditions d\u2019utilisation, veuillez nous contacter \u00e0\u00a0<a href=\"mailto:info@vensure.ca\">info@vensure.ca<\/a><\/p><p>Cette politique de confidentialit\u00e9 a \u00e9t\u00e9 mise \u00e0 jour pour la derni\u00e8re fois le 21 mai 2009.<\/p>\t\t\t\t\t\t\t\t<\/div>\n\t\t\t\t<\/div>\n\t\t\t\t\t<\/div>\n\t\t<\/div>\n\t\t\t\t\t<\/div>\n\t\t<\/section>\n\t\t\t\t<\/div>\n\t\t","protected":false},"excerpt":{"rendered":"<p>Mention L\u00e9gale Les conditions d\u2019utilisation suivantes r\u00e9gissent l\u2019utilisation du contenu, des documents et des graphiques disponibles sur ce site Web. G\u00e9n\u00e9rale Ce site Web appartient et est exploit\u00e9 par VensureHR. En visitant notre site Web situ\u00e9 \u00e0 www.vensure.ca, vous acceptez d\u2019\u00eatre li\u00e9 par les termes et conditions des conditions d\u2019utilisation. Les informations contenues sur cette [&hellip;]<\/p>\n","protected":false},"author":1,"featured_media":0,"parent":0,"menu_order":0,"comment_status":"closed","ping_status":"closed","template":"elementor_header_footer","meta":{"footnotes":""},"class_list":["post-543","page","type-page","status-publish","hentry"],"_links":{"self":[{"href":"https:\/\/vensure.ca\/fr\/wp-json\/wp\/v2\/pages\/543","targetHints":{"allow":["GET"]}}],"collection":[{"href":"https:\/\/vensure.ca\/fr\/wp-json\/wp\/v2\/pages"}],"about":[{"href":"https:\/\/vensure.ca\/fr\/wp-json\/wp\/v2\/types\/page"}],"author":[{"embeddable":true,"href":"https:\/\/vensure.ca\/fr\/wp-json\/wp\/v2\/users\/1"}],"replies":[{"embeddable":true,"href":"https:\/\/vensure.ca\/fr\/wp-json\/wp\/v2\/comments?post=543"}],"version-history":[{"count":10,"href":"https:\/\/vensure.ca\/fr\/wp-json\/wp\/v2\/pages\/543\/revisions"}],"predecessor-version":[{"id":1578,"href":"https:\/\/vensure.ca\/fr\/wp-json\/wp\/v2\/pages\/543\/revisions\/1578"}],"wp:attachment":[{"href":"https:\/\/vensure.ca\/fr\/wp-json\/wp\/v2\/media?parent=543"}],"curies":[{"name":"wp","href":"https:\/\/api.w.org\/{rel}","templated":true}]}}