{"id":568,"date":"2023-02-24T14:55:14","date_gmt":"2023-02-24T14:55:14","guid":{"rendered":"https:\/\/determined-robinson.67-225-176-108.plesk.page\/?page_id=568"},"modified":"2024-06-07T17:11:09","modified_gmt":"2024-06-07T17:11:09","slug":"politique-de-confidentialite","status":"publish","type":"page","link":"https:\/\/vensure.ca\/fr\/politique-de-confidentialite\/","title":{"rendered":"Politique de confidentialit\u00e9"},"content":{"rendered":"\t\t<div data-elementor-type=\"wp-page\" data-elementor-id=\"568\" class=\"elementor elementor-568 elementor-407\" data-elementor-post-type=\"page\">\n\t\t\t\t\t\t<main class=\"elementor-section elementor-top-section elementor-element elementor-element-387ca50 elementor-section-full_width elementor-section-height-default elementor-section-height-default\" data-id=\"387ca50\" data-element_type=\"section\" id=\"content\">\n\t\t\t\t\t\t<div class=\"elementor-container elementor-column-gap-no\">\n\t\t\t\t\t<div class=\"elementor-column elementor-col-100 elementor-top-column elementor-element elementor-element-85f6b32\" data-id=\"85f6b32\" data-element_type=\"column\">\n\t\t\t<div class=\"elementor-widget-wrap elementor-element-populated\">\n\t\t\t\t\t\t<div class=\"elementor-element elementor-element-9412e85 elementor-widget elementor-widget-template\" data-id=\"9412e85\" data-element_type=\"widget\" data-widget_type=\"template.default\">\n\t\t\t\t<div class=\"elementor-widget-container\">\n\t\t\t\t\t\t\t<div class=\"elementor-template\">\n\t\t\t\t\t<div data-elementor-type=\"section\" data-elementor-id=\"510\" class=\"elementor elementor-510 elementor-159\" data-elementor-post-type=\"elementor_library\">\n\t\t\t\t\t<section class=\"elementor-section elementor-top-section elementor-element elementor-element-4a59392 elementor-section-content-middle elementor-section-boxed elementor-section-height-default elementor-section-height-default\" data-id=\"4a59392\" data-element_type=\"section\" data-settings=\"{&quot;background_background&quot;:&quot;classic&quot;}\">\n\t\t\t\t\t\t<div class=\"elementor-container elementor-column-gap-default\">\n\t\t\t\t\t<div class=\"elementor-column elementor-col-50 elementor-top-column elementor-element elementor-element-09b3ac0\" data-id=\"09b3ac0\" data-element_type=\"column\">\n\t\t\t<div class=\"elementor-widget-wrap elementor-element-populated\">\n\t\t\t\t\t\t<div class=\"elementor-element elementor-element-3a9b063 elementor-widget elementor-widget-heading\" data-id=\"3a9b063\" data-element_type=\"widget\" data-widget_type=\"heading.default\">\n\t\t\t\t<div class=\"elementor-widget-container\">\n\t\t\t\t\t<h2 class=\"elementor-heading-title elementor-size-default\">Politique de confidentialit\u00e9<\/h2>\t\t\t\t<\/div>\n\t\t\t\t<\/div>\n\t\t\t\t\t<\/div>\n\t\t<\/div>\n\t\t\t\t<div class=\"elementor-column elementor-col-50 elementor-top-column elementor-element elementor-element-20686e4\" data-id=\"20686e4\" data-element_type=\"column\">\n\t\t\t<div class=\"elementor-widget-wrap elementor-element-populated\">\n\t\t\t\t\t\t<div class=\"elementor-element elementor-element-adc85b7 jet-breadcrumbs-align-right jet-breadcrumbs-align-mobile-left elementor-widget elementor-widget-jet-breadcrumbs\" data-id=\"adc85b7\" data-element_type=\"widget\" data-widget_type=\"jet-breadcrumbs.default\">\n\t\t\t\t<div class=\"elementor-widget-container\">\n\t\t\t\t\t<div class=\"elementor-jet-breadcrumbs jet-blocks\">\n\t\t<div class=\"jet-breadcrumbs\">\n\t\t<div class=\"jet-breadcrumbs__content\">\n\t\t<div class=\"jet-breadcrumbs__wrap\"><div class=\"jet-breadcrumbs__item\"><a href=\"https:\/\/vensure.ca\/fr\/\" class=\"jet-breadcrumbs__item-link is-home\" rel=\"home\" title=\"Accueil\">Accueil<\/a><\/div>\n\t\t<\/div>\n\t\t<\/div>\n\t\t<\/div><\/div>\t\t\t\t<\/div>\n\t\t\t\t<\/div>\n\t\t\t\t\t<\/div>\n\t\t<\/div>\n\t\t\t\t\t<\/div>\n\t\t<\/section>\n\t\t\t\t<\/div>\n\t\t\t\t<\/div>\n\t\t\t\t\t\t<\/div>\n\t\t\t\t<\/div>\n\t\t\t\t\t<\/div>\n\t\t<\/div>\n\t\t\t\t\t<\/div>\n\t\t<\/main>\n\t\t\t\t<section class=\"elementor-section elementor-top-section elementor-element elementor-element-e39d6b4 elementor-section-boxed elementor-section-height-default elementor-section-height-default\" data-id=\"e39d6b4\" data-element_type=\"section\">\n\t\t\t\t\t\t<div class=\"elementor-container elementor-column-gap-default\">\n\t\t\t\t\t<div class=\"elementor-column elementor-col-100 elementor-top-column elementor-element elementor-element-0474be6\" data-id=\"0474be6\" data-element_type=\"column\">\n\t\t\t<div class=\"elementor-widget-wrap elementor-element-populated\">\n\t\t\t\t\t\t<div class=\"elementor-element elementor-element-358a29a elementor-widget elementor-widget-heading\" data-id=\"358a29a\" data-element_type=\"widget\" data-widget_type=\"heading.default\">\n\t\t\t\t<div class=\"elementor-widget-container\">\n\t\t\t\t\t<h1 class=\"elementor-heading-title elementor-size-default\">Politique de confidentialit\u00e9<\/h1>\t\t\t\t<\/div>\n\t\t\t\t<\/div>\n\t\t\t\t<div class=\"elementor-element elementor-element-c9a5d7b elementor-widget elementor-widget-text-editor\" data-id=\"c9a5d7b\" data-element_type=\"widget\" data-widget_type=\"text-editor.default\">\n\t\t\t\t<div class=\"elementor-widget-container\">\n\t\t\t\t\t\t\t\t\tCette d\u00e9claration de confidentialit\u00e9 d\u00e9crit comment VensureHR. et nos filiales et soci\u00e9t\u00e9s affili\u00e9es collectent, utilisent, partagent et prot\u00e8gent les informations commerciales, financi\u00e8res et personnelles. Cette d\u00e9claration s\u2019applique \u00e0 toutes les informations collect\u00e9es ou soumises sur ce site Web et les applications mobiles (\u00abSite\u00bb). Cet avis est disponible sur la page d\u2019accueil de ce site et sur chaque page de connexion o\u00f9 des informations personnellement identifiables peuvent \u00eatre demand\u00e9es. Votre vie priv\u00e9e et la confidentialit\u00e9 des informations fournies sont importantes pour nous. Nous prenons soin de prot\u00e9ger vos donn\u00e9es contre la perte, l\u2019utilisation abusive, l\u2019acc\u00e8s non autoris\u00e9, la divulgation, l\u2019alt\u00e9ration et la destruction intempestive. Nous n\u2019accordons pas l\u2019acc\u00e8s aux informations personnelles vous concernant, sauf indication contraire dans les pr\u00e9sentes. Nous ne partageons ni ne vendons les informations personnelles collect\u00e9es sur le site avec des tiers \u00e0 leurs propres fins marketing. Parfois, nous vous fournirons des liens vers d\u2019autres sites Web. Nous encourageons nos utilisateurs \u00e0 \u00eatre avertis lorsqu\u2019ils quittent notre site et \u00e0 lire les d\u00e9clarations de confidentialit\u00e9 de chaque site Web qui recueille des informations personnellement identifiables.\n<h2>Collecte et utilisation des informations<\/h2>\n<h3>Quelles informations sont collect\u00e9es?<\/h3>\nNous limitons la collecte d\u2019informations personnelles aux informations dont nous avons besoin pour administrer et am\u00e9liorer le Site, pour fournir nos produits et services (\u00abServices\u00bb) \u00e0 nos clients et pour r\u00e9pondre \u00e0 toutes les exigences l\u00e9gales et r\u00e9glementaires.\n\nLes cat\u00e9gories d\u2019informations personnelles que nous collectons peuvent inclure, sans toutefois s\u2019y limiter:\n<ul>\n \t<li>Coordonn\u00e9es pour nous permettre de communiquer avec vous<\/li>\n \t<li>Informations sur l\u2019employeur, y compris la politique d\u2019indemnisation des accidents du travail et les informations sur les pertes, les informations financi\u00e8res, organisationnelles et de compte bancaire, pour fournir les services<\/li>\n \t<li>Informations sur les employ\u00e9s, y compris le num\u00e9ro de s\u00e9curit\u00e9 sociale, la date de naissance, les informations financi\u00e8res, de compte bancaire, biom\u00e9triques, de g\u00e9olocalisation, m\u00e9dicales et de b\u00e9n\u00e9ficiaire, pour fournir les Services<\/li>\n \t<li>Informations sur les cartes de cr\u00e9dit, de d\u00e9bit ou d\u2019esp\u00e8ces \/ de paiement si elles sont utilis\u00e9es, par exemple pour la facturation<\/li>\n \t<li>Ant\u00e9c\u00e9dents de cr\u00e9dit ou de dette concernant votre solvabilit\u00e9 ou vos ant\u00e9c\u00e9dents de cr\u00e9dit<\/li>\n<\/ul>\nNous recueillons \u00e9galement des informations anonymes qui ne peuvent \u00eatre identifi\u00e9es par aucun individu. Un exemple d\u2019informations anonymes est le fait que, bien que ce site Web puisse enregistrer le nombre de visites sur une page particuli\u00e8re qui se produisent au cours d\u2019une p\u00e9riode donn\u00e9e, il ne nous indique pas n\u00e9cessairement les noms ou autres informations d\u2019identification de chaque visiteur. De nombreux utilisateurs de ce site Web choisiront de ne fournir aucune information personnellement identifiable. Par cons\u00e9quent, ces personnes sont anonymes pour nous et toutes les donn\u00e9es collect\u00e9es sur leur utilisation de ce site Web sont des informations anonymes.\n\nLorsque vous visitez notre site, nous recueillons certaines informations techniques et de routage sur votre ordinateur. Par exemple, nous enregistrons des variables environnementales telles que le type de navigateur, le syst\u00e8me d\u2019exploitation et la vitesse du processeur, ainsi que l\u2019adresse IP (Internet Protocol) de votre fournisseur d\u2019acc\u00e8s Internet d\u2019origine, pour essayer de vous offrir le meilleur service possible. Nous enregistrons \u00e9galement les demandes de recherche et les r\u00e9sultats pour essayer d\u2019assurer l\u2019exactitude et l\u2019efficacit\u00e9 de notre moteur de recherche. Nous utilisons votre adresse IP pour suivre votre utilisation du site, y compris les pages visit\u00e9es et le temps pass\u00e9 sur chaque page. Nous recueillons ces informations et les utilisons pour mesurer l\u2019utilisation de ce site Web et pour am\u00e9liorer son contenu et ses performances. Toutes les informations qui nous sont automatiquement soumises par votre navigateur sont consid\u00e9r\u00e9es comme des informations anonymes. Dans la mesure o\u00f9 nous partageons ces informations avec des tiers, elles ne sont tra\u00e7ables \u00e0 aucun utilisateur et ne seront pas utilis\u00e9es pour vous contacter.\n<h3>Comment les informations personnelles sont collect\u00e9es<\/h3>\nNous ne vous demandons pas de fournir des informations personnelles pour avoir un acc\u00e8s g\u00e9n\u00e9ral au site. Cependant, pour acc\u00e9der ou utiliser certaines informations, fonctionnalit\u00e9s ou services sur le site, vous pouvez \u00eatre amen\u00e9 \u00e0 fournir des informations personnelles. Les informations personnelles sont principalement collect\u00e9es:\n<ul>\n \t<li>Lorsque vous utilisez les Services, nous obtenons de vous les informations dont nous avons besoin pour fournir les Services.<\/li>\n \t<li>\u00c0 partir d\u2019applications, de formulaires et d\u2019autres informations que vous nous fournissez sur le site<\/li>\n \t<li>Lorsque vous cr\u00e9ez un compte, ou qu\u2019un compte est cr\u00e9\u00e9 pour vous sur les instructions de votre employeur, pour recevoir des Services<\/li>\n \t<li>\u00c0 partir des informations d\u2019enqu\u00eate et \/ ou de l\u2019enregistrement du site<\/li>\n \t<li>Si vous nous fournissez des commentaires ou des suggestions, demandez des informations sur nos services ou contactez notre service client\u00e8le par t\u00e9l\u00e9phone, e-mail ou d\u2019autres formes de communication<\/li>\n \t<li>Des agences d\u2019\u00e9valuation des consommateurs et des entreprises concernant votre solvabilit\u00e9 ou vos ant\u00e9c\u00e9dents de cr\u00e9dit<\/li>\n \t<li>De la part de tiers pour v\u00e9rifier les informations qui nous sont fournies<\/li>\n \t<li>\u00c0 partir des informations que vous pouvez fournir via les m\u00e9dias sociaux.<\/li>\n<\/ul>\n<h3>Comment les informations personnelles sont utilis\u00e9es<\/h3>\nNous utilisons les informations fournies sur le site pour ex\u00e9cuter les services que vous demandez. Nous limitons la collecte d\u2019informations personnelles sur les clients dont nous avons besoin pour:\n<ul>\n \t<li>Faciliter les services, propositions et transactions demand\u00e9s par les clients<\/li>\n \t<li>Fournir un service sup\u00e9rieur \u00e0 nos clients<\/li>\n \t<li>Conformez-vous aux exigences l\u00e9gales, de reporting et r\u00e9glementaires<\/li>\n \t<li>Administrer et am\u00e9liorer nos sites Web<\/li>\n \t<li>D\u00e9tecter la fraude ou le vol pour prot\u00e9ger nos informations commerciales et clients<\/li>\n \t<li>Vous contacter avec des informations sur les services, les nouveaux services ou produits ou les \u00e9v\u00e9nements \u00e0 venir<\/li>\n<\/ul>\n<h3>Comment les informations anonymes sont utilis\u00e9es<\/h3>\nNous pouvons collecter des informations statistiques anonymes, g\u00e9n\u00e9rales, non personnelles sur les utilisateurs du site et de nos services afin de d\u00e9terminer des informations concernant l\u2019utilisation de notre site et des informations g\u00e9n\u00e9rales sur nos clients. Nous pouvons \u00e9galement regrouper ces informations pour fournir des donn\u00e9es agr\u00e9g\u00e9es g\u00e9n\u00e9rales. Les donn\u00e9es agr\u00e9g\u00e9es n\u2019identifieront personnellement aucun client ou visiteur du site.\n<h3>Comment les cookies sont utilis\u00e9s<\/h3>\nUn \u00abcookie\u00bb est un \u00e9l\u00e9ment de donn\u00e9es que notre site peut fournir \u00e0 votre navigateur pendant que vous \u00eates sur notre site. Les informations stock\u00e9es dans un cookie sont utilis\u00e9es \u00e0 des fins de commodit\u00e9 pour l\u2019utilisateur, telles que la r\u00e9duction des messages r\u00e9p\u00e9titifs, le suivi des versions des outils d\u2019aide et la conservation des pr\u00e9f\u00e9rences d\u2019affichage de l\u2019utilisateur. Si un utilisateur rejette le cookie, il pourra naviguer sur le site, mais la fonctionnalit\u00e9 du site peut \u00eatre limit\u00e9e.\n\nVensureHR peut utiliser des fournisseurs de services tiers pour utiliser des cookies, des balises Web et des technologies similaires pour collecter ou recevoir des informations de notre site Web et ailleurs sur Internet et utiliser ces informations pour fournir des services de mesure et cibler des publicit\u00e9s. Vous pouvez d\u00e9sactiver ce suivi des informations \u00e0 l\u2019aide d\u2019un navigateur Web prenant en charge la fonctionnalit\u00e9 Ne pas suivre.\n<h3>Enfants de moins de 13 ans<\/h3>\nCe site n\u2019est pas destin\u00e9 aux enfants de moins de 13 ans. Nous ne collectons pas sciemment d\u2019informations personnelles d\u2019enfants de moins de 13 ans.\n<h3>Parties avec lesquelles des informations peuvent \u00eatre partag\u00e9es<\/h3>\nLes informations sont partag\u00e9es pour faciliter les services n\u00e9cessaires pour g\u00e9rer correctement et efficacement les t\u00e2ches li\u00e9es \u00e0 votre compte. Nous pouvons partager des informations avec:\n<ul>\n \t<li>Les agences gouvernementales doivent respecter les exigences l\u00e9gales, de reporting et de r\u00e9glementation<\/li>\n \t<li>Avocats, comptables et auditeurs<\/li>\n \t<li>Les agences d\u2019\u00e9valuation du cr\u00e9dit doivent fournir des r\u00e9f\u00e9rences de fournisseurs au nom du client<\/li>\n \t<li>Nos employ\u00e9s, soci\u00e9t\u00e9s affili\u00e9es, filiales, agents et fournisseurs de services tiers pour ex\u00e9cuter des services li\u00e9s \u00e0 votre compte, pour offrir des services suppl\u00e9mentaires, effectuer des analyses pour d\u00e9terminer la qualification pour recevoir des services futurs ou recouvrer les montants dus.<\/li>\n \t<li>Soci\u00e9t\u00e9s bancaires et de courtage pour effectuer le traitement de la paie et les transactions sur titres<\/li>\n \t<li>Bureaux de cr\u00e9dit et organisations similaires, forces de l\u2019ordre ou repr\u00e9sentants du gouvernement. Nous nous r\u00e9servons le droit de divulguer des informations si nous sommes tenus de le faire par la loi ou si, selon notre appr\u00e9ciation commerciale, une telle divulgation est raisonnablement n\u00e9cessaire pour se conformer \u00e0 une proc\u00e9dure l\u00e9gale, dans une enqu\u00eate sur la fraude, un audit ou un examen.<\/li>\n<\/ul>\n<h3>Comment acc\u00e9der et corriger vos informations<\/h3>\nIl est tr\u00e8s important de garder vos informations exactes et \u00e0 jour. Vous pouvez consulter ou corriger les informations de votre compte en contactant un repr\u00e9sentant du service client. Si vous avez un compte sur le site, vous pouvez apporter des modifications aux informations de votre compte apr\u00e8s vous \u00eatre connect\u00e9 au site \u00e0 partir de votre PC ou appareil sans fil et en utilisant les outils en ligne. Notez que certains changements d\u2019informations peuvent \u00eatre effectu\u00e9s par votre employeur ou doivent l\u2019\u00eatre par l\u2019interm\u00e9diaire de celui-ci.\n<h3>Transfert des informations client<\/h3>\nLes listes de clients et les informations sont \u00e0 juste titre consid\u00e9r\u00e9es comme des actifs d\u2019une entreprise. Par cons\u00e9quent, si nous fusionnons avec une autre entit\u00e9 ou si nous vendons nos actifs \u00e0 une autre entit\u00e9, nos listes de clients et nos informations, y compris les informations personnellement identifiables que vous nous avez fournies, seraient incluses parmi les actifs qui seraient transf\u00e9r\u00e9s.\n<h3>Politique de d\u00e9sabonnement<\/h3>\nSi \u00e0 tout moment vous ne souhaitez pas recevoir d\u2019offres et d\u2019e-mails de notre part, nous vous demandons de nous le signaler. Vous pouvez supprimer votre nom de notre liste de diffusion en nous envoyant un courriel adress\u00e9 \u00e0 info@vensure.ca et en indiquant dans la ligne d\u2019objet \u00abAucune offre ou courriel\u00bb.\n<h3>S\u00e9curit\u00e9<\/h3>\nNous exploitons des r\u00e9seaux de donn\u00e9es s\u00e9curis\u00e9s prot\u00e9g\u00e9s par des pare-feu et des syst\u00e8mes de protection par mot de passe conformes aux normes de l\u2019industrie. Nos politiques de s\u00e9curit\u00e9 et de confidentialit\u00e9 sont p\u00e9riodiquement revues et am\u00e9lior\u00e9es si n\u00e9cessaire, et seules les personnes autoris\u00e9es ont acc\u00e8s aux informations personnellement identifiables fournies par nos utilisateurs. Cependant, nous ne garantissons pas qu\u2019une divulgation non autoris\u00e9e et par inadvertance ne se produira jamais.\n<h3>Modifications de cette d\u00e9claration de confidentialit\u00e9<\/h3>\nCette d\u00e9claration peut \u00eatre r\u00e9vis\u00e9e de temps \u00e0 autre en raison de changements technologiques ou de nos pratiques de confidentialit\u00e9 ou de nouvelles utilisations des informations client non divulgu\u00e9es auparavant dans cette d\u00e9claration. Les r\u00e9visions entrent en vigueur d\u00e8s leur publication et votre utilisation continue de ce site indiquera votre acceptation de ces modifications. Veuillez vous r\u00e9f\u00e9rer r\u00e9guli\u00e8rement \u00e0 cette d\u00e9claration.\n\nSi vous avez des commentaires, des pr\u00e9occupations ou des questions concernant cette d\u00e9claration de confidentialit\u00e9, veuillez contacter votre fournisseur de services.\n\nDate d\u2019entr\u00e9e en vigueur: 1 septembre 2020\t\t\t\t\t\t\t\t<\/div>\n\t\t\t\t<\/div>\n\t\t\t\t\t<\/div>\n\t\t<\/div>\n\t\t\t\t\t<\/div>\n\t\t<\/section>\n\t\t\t\t<\/div>\n\t\t","protected":false},"excerpt":{"rendered":"<p>Cette d\u00e9claration de confidentialit\u00e9 d\u00e9crit comment VensureHR. et nos filiales et soci\u00e9t\u00e9s affili\u00e9es collectent, utilisent, partagent et prot\u00e8gent les informations commerciales, financi\u00e8res et personnelles. Cette d\u00e9claration s\u2019applique \u00e0 toutes les informations collect\u00e9es ou soumises sur ce site Web et les applications mobiles (\u00abSite\u00bb). Cet avis est disponible sur la page d\u2019accueil de ce site et [&hellip;]<\/p>\n","protected":false},"author":1,"featured_media":0,"parent":0,"menu_order":0,"comment_status":"closed","ping_status":"closed","template":"elementor_header_footer","meta":{"footnotes":""},"class_list":["post-568","page","type-page","status-publish","hentry"],"_links":{"self":[{"href":"https:\/\/vensure.ca\/fr\/wp-json\/wp\/v2\/pages\/568","targetHints":{"allow":["GET"]}}],"collection":[{"href":"https:\/\/vensure.ca\/fr\/wp-json\/wp\/v2\/pages"}],"about":[{"href":"https:\/\/vensure.ca\/fr\/wp-json\/wp\/v2\/types\/page"}],"author":[{"embeddable":true,"href":"https:\/\/vensure.ca\/fr\/wp-json\/wp\/v2\/users\/1"}],"replies":[{"embeddable":true,"href":"https:\/\/vensure.ca\/fr\/wp-json\/wp\/v2\/comments?post=568"}],"version-history":[{"count":10,"href":"https:\/\/vensure.ca\/fr\/wp-json\/wp\/v2\/pages\/568\/revisions"}],"predecessor-version":[{"id":1554,"href":"https:\/\/vensure.ca\/fr\/wp-json\/wp\/v2\/pages\/568\/revisions\/1554"}],"wp:attachment":[{"href":"https:\/\/vensure.ca\/fr\/wp-json\/wp\/v2\/media?parent=568"}],"curies":[{"name":"wp","href":"https:\/\/api.w.org\/{rel}","templated":true}]}}