{"id":672,"date":"2023-02-22T20:24:06","date_gmt":"2023-02-22T20:24:06","guid":{"rendered":"https:\/\/determined-robinson.67-225-176-108.plesk.page\/?page_id=672"},"modified":"2024-06-07T17:17:50","modified_gmt":"2024-06-07T17:17:50","slug":"payroll-processing","status":"publish","type":"page","link":"https:\/\/vensure.ca\/fr\/payroll-processing\/","title":{"rendered":"Traitement de la paie"},"content":{"rendered":"\t\t<div data-elementor-type=\"wp-page\" data-elementor-id=\"672\" class=\"elementor elementor-672 elementor-268\" data-elementor-post-type=\"page\">\n\t\t\t\t\t\t<main class=\"elementor-section elementor-top-section elementor-element elementor-element-410e462 elementor-section-full_width elementor-section-height-default elementor-section-height-default\" data-id=\"410e462\" data-element_type=\"section\" id=\"content\">\n\t\t\t\t\t\t<div class=\"elementor-container elementor-column-gap-no\">\n\t\t\t\t\t<div class=\"elementor-column elementor-col-100 elementor-top-column elementor-element elementor-element-bc19c56\" data-id=\"bc19c56\" data-element_type=\"column\">\n\t\t\t<div class=\"elementor-widget-wrap elementor-element-populated\">\n\t\t\t\t\t\t<div class=\"elementor-element elementor-element-e4cf623 elementor-widget elementor-widget-template\" data-id=\"e4cf623\" data-element_type=\"widget\" data-widget_type=\"template.default\">\n\t\t\t\t<div class=\"elementor-widget-container\">\n\t\t\t\t\t\t\t<div class=\"elementor-template\">\n\t\t\t\t\t<div data-elementor-type=\"section\" data-elementor-id=\"510\" class=\"elementor elementor-510 elementor-159\" data-elementor-post-type=\"elementor_library\">\n\t\t\t\t\t<section class=\"elementor-section elementor-top-section elementor-element elementor-element-4a59392 elementor-section-content-middle elementor-section-boxed elementor-section-height-default elementor-section-height-default\" data-id=\"4a59392\" data-element_type=\"section\" data-settings=\"{&quot;background_background&quot;:&quot;classic&quot;}\">\n\t\t\t\t\t\t<div class=\"elementor-container elementor-column-gap-default\">\n\t\t\t\t\t<div class=\"elementor-column elementor-col-50 elementor-top-column elementor-element elementor-element-09b3ac0\" data-id=\"09b3ac0\" data-element_type=\"column\">\n\t\t\t<div class=\"elementor-widget-wrap elementor-element-populated\">\n\t\t\t\t\t\t<div class=\"elementor-element elementor-element-3a9b063 elementor-widget elementor-widget-heading\" data-id=\"3a9b063\" data-element_type=\"widget\" data-widget_type=\"heading.default\">\n\t\t\t\t<div class=\"elementor-widget-container\">\n\t\t\t\t\t<h2 class=\"elementor-heading-title elementor-size-default\">Traitement de la paie<\/h2>\t\t\t\t<\/div>\n\t\t\t\t<\/div>\n\t\t\t\t\t<\/div>\n\t\t<\/div>\n\t\t\t\t<div class=\"elementor-column elementor-col-50 elementor-top-column elementor-element elementor-element-20686e4\" data-id=\"20686e4\" data-element_type=\"column\">\n\t\t\t<div class=\"elementor-widget-wrap elementor-element-populated\">\n\t\t\t\t\t\t<div class=\"elementor-element elementor-element-adc85b7 jet-breadcrumbs-align-right jet-breadcrumbs-align-mobile-left elementor-widget elementor-widget-jet-breadcrumbs\" data-id=\"adc85b7\" data-element_type=\"widget\" data-widget_type=\"jet-breadcrumbs.default\">\n\t\t\t\t<div class=\"elementor-widget-container\">\n\t\t\t\t\t<div class=\"elementor-jet-breadcrumbs jet-blocks\">\n\t\t<div class=\"jet-breadcrumbs\">\n\t\t<div class=\"jet-breadcrumbs__content\">\n\t\t<div class=\"jet-breadcrumbs__wrap\"><div class=\"jet-breadcrumbs__item\"><a href=\"https:\/\/vensure.ca\/fr\/\" class=\"jet-breadcrumbs__item-link is-home\" rel=\"home\" title=\"Accueil\">Accueil<\/a><\/div>\n\t\t<\/div>\n\t\t<\/div>\n\t\t<\/div><\/div>\t\t\t\t<\/div>\n\t\t\t\t<\/div>\n\t\t\t\t\t<\/div>\n\t\t<\/div>\n\t\t\t\t\t<\/div>\n\t\t<\/section>\n\t\t\t\t<\/div>\n\t\t\t\t<\/div>\n\t\t\t\t\t\t<\/div>\n\t\t\t\t<\/div>\n\t\t\t\t\t<\/div>\n\t\t<\/div>\n\t\t\t\t\t<\/div>\n\t\t<\/main>\n\t\t\t\t<section class=\"elementor-section elementor-top-section elementor-element elementor-element-1ff36ef elementor-section-boxed elementor-section-height-default elementor-section-height-default\" data-id=\"1ff36ef\" data-element_type=\"section\">\n\t\t\t\t\t\t<div class=\"elementor-container elementor-column-gap-default\">\n\t\t\t\t\t<div class=\"elementor-column elementor-col-66 elementor-top-column elementor-element elementor-element-1abf270\" data-id=\"1abf270\" data-element_type=\"column\">\n\t\t\t<div class=\"elementor-widget-wrap elementor-element-populated\">\n\t\t\t\t\t\t<div class=\"elementor-element elementor-element-1258c02 elementor-widget elementor-widget-heading\" data-id=\"1258c02\" data-element_type=\"widget\" data-widget_type=\"heading.default\">\n\t\t\t\t<div class=\"elementor-widget-container\">\n\t\t\t\t\t<h1 class=\"elementor-heading-title elementor-size-default\">Externaliser le traitement de la paie\n<\/h1>\t\t\t\t<\/div>\n\t\t\t\t<\/div>\n\t\t\t\t<div class=\"elementor-element elementor-element-b98fc56 elementor-widget elementor-widget-text-editor\" data-id=\"b98fc56\" data-element_type=\"widget\" data-widget_type=\"text-editor.default\">\n\t\t\t\t<div class=\"elementor-widget-container\">\n\t\t\t\t\t\t\t\t\t<p>Les services canadiens de r\u00e9mun\u00e9ration VensureHR permettent aux administrateurs qui ont des exigences complexes de b\u00e9n\u00e9ficier d\u2019une solution d\u2019affaires offrant le meilleur des deux mondes. En vous \u00e9quipant du module de pr\u00e9paration de la paie EMPulse, votre entreprise peut assurer la gestion de toutes les t\u00e2ches fastidieuses qui sont n\u00e9cessaires afin de g\u00e9n\u00e9rer les paiements des employ\u00e9s. Concurremment, nous nous chargeons de toutes les t\u00e2ches p\u00e9nibles relatives \u00e0 la paie et aux avantages sociaux des employ\u00e9s afin d\u2019am\u00e9liorer l\u2019efficacit\u00e9 de votre administrateur de la paie.<\/p>\t\t\t\t\t\t\t\t<\/div>\n\t\t\t\t<\/div>\n\t\t\t\t<div class=\"elementor-element elementor-element-3a20672 elementor-widget elementor-widget-heading\" data-id=\"3a20672\" data-element_type=\"widget\" data-widget_type=\"heading.default\">\n\t\t\t\t<div class=\"elementor-widget-container\">\n\t\t\t\t\t<h2 class=\"elementor-heading-title elementor-size-default\">Solutions canadiennes de comptabilit\u00e9 de la paie\n<\/h2>\t\t\t\t<\/div>\n\t\t\t\t<\/div>\n\t\t\t\t<div class=\"elementor-element elementor-element-68be695 elementor-widget elementor-widget-text-editor\" data-id=\"68be695\" data-element_type=\"widget\" data-widget_type=\"text-editor.default\">\n\t\t\t\t<div class=\"elementor-widget-container\">\n\t\t\t\t\t\t\t\t\t<p>VensureHR Select vous permet d\u2019effectuer le traitement de la paie exactement comme vous le souhaitez. Votre \u00e9quipe d\u2019administration de la paie b\u00e9n\u00e9ficie d\u2019un syst\u00e8me de paie sophistiqu\u00e9 qui est disponible moyennant de faibles co\u00fbts de licences et d\u2019installation. Apr\u00e8s l\u2019installation initiale, vos frais de fournisseur sont transactionnels. Le syst\u00e8me de r\u00e9mun\u00e9ration en ligne VensureHR (<i>Online Payroll System<\/i>) repr\u00e9sente un moyen concurrentiel et rentable pour g\u00e9rer cet aspect essentiel du processus de la paie.<\/p>\t\t\t\t\t\t\t\t<\/div>\n\t\t\t\t<\/div>\n\t\t\t\t<div class=\"elementor-element elementor-element-bb73683 elementor-widget elementor-widget-heading\" data-id=\"bb73683\" data-element_type=\"widget\" data-widget_type=\"heading.default\">\n\t\t\t\t<div class=\"elementor-widget-container\">\n\t\t\t\t\t<h2 class=\"elementor-heading-title elementor-size-default\">Les avantages de nos services de la paie\n<\/h2>\t\t\t\t<\/div>\n\t\t\t\t<\/div>\n\t\t\t\t<div class=\"elementor-element elementor-element-fc1d58f elementor-widget elementor-widget-text-editor\" data-id=\"fc1d58f\" data-element_type=\"widget\" data-widget_type=\"text-editor.default\">\n\t\t\t\t<div class=\"elementor-widget-container\">\n\t\t\t\t\t\t\t\t\t<ul><li>Confidentialit\u00e9 et protection des renseignements personnels<\/li><li>\u00c9conomie d\u2019argent<\/li><li>Acc\u00e8s \u00e0 vos donn\u00e9es en tout temps<\/li><li>Fiabilit\u00e9 de notre \u00e9quipe<\/li><li>R\u00e9duction de la consommation de papier<\/li><li>Conformit\u00e9 aux exigences gouvernementales<\/li><li>R\u00e9duction du nombre de requ\u00eates des employ\u00e9s concernant la paie<\/li><\/ul>\t\t\t\t\t\t\t\t<\/div>\n\t\t\t\t<\/div>\n\t\t\t\t<div class=\"elementor-element elementor-element-f37db79 elementor-widget elementor-widget-heading\" data-id=\"f37db79\" data-element_type=\"widget\" data-widget_type=\"heading.default\">\n\t\t\t\t<div class=\"elementor-widget-container\">\n\t\t\t\t\t<h2 class=\"elementor-heading-title elementor-size-default\">Caract\u00e9ristiques de nos solutions d\u2019affaires en mati\u00e8re de la paie\n<\/h2>\t\t\t\t<\/div>\n\t\t\t\t<\/div>\n\t\t\t\t<div class=\"elementor-element elementor-element-f2da3a6 elementor-widget elementor-widget-text-editor\" data-id=\"f2da3a6\" data-element_type=\"widget\" data-widget_type=\"text-editor.default\">\n\t\t\t\t<div class=\"elementor-widget-container\">\n\t\t\t\t\t\t\t\t\t<p>Avec la solution VensureHR Select, vous gardez le contr\u00f4le. Vous pouvez ex\u00e9cuter des paies hors cycle, g\u00e9n\u00e9rer des paies r\u00e9troactives, de m\u00eame que consulter et r\u00e9gler le salaire net avant qu\u2019il ne soit \u00e9mis. Un large \u00e9ventail de rapports sont produits de la mani\u00e8re que vous voulez et dans des d\u00e9lais qui vous conviennent. Le tout est g\u00e9r\u00e9 par l\u2019entremise d\u2019un syst\u00e8me qui est facile \u00e0 mettre en \u0153uvre, \u00e0 apprendre et \u00e0 utiliser.<\/p>\t\t\t\t\t\t\t\t<\/div>\n\t\t\t\t<\/div>\n\t\t\t\t<div class=\"elementor-element elementor-element-82e86d7 elementor-widget elementor-widget-heading\" data-id=\"82e86d7\" data-element_type=\"widget\" data-widget_type=\"heading.default\">\n\t\t\t\t<div class=\"elementor-widget-container\">\n\t\t\t\t\t<h2 class=\"elementor-heading-title elementor-size-default\">Logiciel De R\u00e9mun\u00e9ration En Ligne Simple Pour Calculer La Paie Des Employ\u00e9s\n<\/h2>\t\t\t\t<\/div>\n\t\t\t\t<\/div>\n\t\t\t\t<div class=\"elementor-element elementor-element-cdb84d8 elementor-widget elementor-widget-text-editor\" data-id=\"cdb84d8\" data-element_type=\"widget\" data-widget_type=\"text-editor.default\">\n\t\t\t\t<div class=\"elementor-widget-container\">\n\t\t\t\t\t\t\t\t\t<ul><li>R\u00e9duction des co\u00fbts gr\u00e2ce \u00e0 la configuration fiscale avanc\u00e9e<\/li><li>Port\u00e9e \u00e0 l\u2019\u00e9chelle nationale<\/li><li>Conformit\u00e9 aux exigences qu\u00e9b\u00e9coises en mati\u00e8re de la paie<\/li><li>Relev\u00e9s d\u2019emploi<\/li><li>Mises \u00e0 jour fiscales<\/li><li>Formulaires d\u2019imp\u00f4t de fin d\u2019ann\u00e9e<\/li><li>Affichage des historiques<\/li><li>Fonction de production de rapports qui offre de la souplesse<\/li><\/ul>\t\t\t\t\t\t\t\t<\/div>\n\t\t\t\t<\/div>\n\t\t\t\t<div class=\"elementor-element elementor-element-23997ad elementor-widget elementor-widget-text-editor\" data-id=\"23997ad\" data-element_type=\"widget\" data-widget_type=\"text-editor.default\">\n\t\t\t\t<div class=\"elementor-widget-container\">\n\t\t\t\t\t\t\t\t\tEn tant que fournisseur externe de la paie, nous prenons en charge les paiements destin\u00e9s aux employ\u00e9s en \u00e9mettant des ch\u00e8ques ou des versements automatiques dans des comptes bancaires multiples. Gr\u00e2ce \u00e0 notre service de paie, nous \u00e9mettons les talons et les relev\u00e9s de paie des employ\u00e9s, nous effectuons les paiements de vos retenues \u00e0 la source, nous g\u00e9n\u00e9rons les relev\u00e9s d\u2019emploi et produisons les formulaires d\u2019imp\u00f4ts de fin d\u2019ann\u00e9e du Canada. Le tout de fa\u00e7on exacte, avec facilit\u00e9 et dans les d\u00e9lais.\n\n\t\t\t\t\t\t\t\t<\/div>\n\t\t\t\t<\/div>\n\t\t\t\t\t<\/div>\n\t\t<\/div>\n\t\t\t\t<div class=\"elementor-column elementor-col-33 elementor-top-column elementor-element elementor-element-1e339f7\" data-id=\"1e339f7\" data-element_type=\"column\">\n\t\t\t<div class=\"elementor-widget-wrap elementor-element-populated\">\n\t\t\t\t\t\t<div class=\"elementor-element elementor-element-0bd9652 elementor-widget elementor-widget-template\" data-id=\"0bd9652\" data-element_type=\"widget\" data-widget_type=\"template.default\">\n\t\t\t\t<div class=\"elementor-widget-container\">\n\t\t\t\t\t\t\t<div class=\"elementor-template\">\n\t\t\t\t\t<div data-elementor-type=\"section\" data-elementor-id=\"505\" class=\"elementor elementor-505 elementor-172\" data-elementor-post-type=\"elementor_library\">\n\t\t\t\t\t<section class=\"elementor-section elementor-top-section elementor-element elementor-element-d4ffaf4 elementor-section-boxed elementor-section-height-default elementor-section-height-default\" data-id=\"d4ffaf4\" data-element_type=\"section\" data-settings=\"{&quot;background_background&quot;:&quot;classic&quot;}\">\n\t\t\t\t\t\t<div class=\"elementor-container elementor-column-gap-default\">\n\t\t\t\t\t<div class=\"elementor-column elementor-col-100 elementor-top-column elementor-element elementor-element-be6c0ac\" data-id=\"be6c0ac\" data-element_type=\"column\">\n\t\t\t<div class=\"elementor-widget-wrap elementor-element-populated\">\n\t\t\t\t\t\t<div class=\"elementor-element elementor-element-4cd1ab5 elementor-view-stacked elementor-shape-circle elementor-position-top elementor-mobile-position-top elementor-widget elementor-widget-icon-box\" data-id=\"4cd1ab5\" data-element_type=\"widget\" data-widget_type=\"icon-box.default\">\n\t\t\t\t<div class=\"elementor-widget-container\">\n\t\t\t\t\t\t\t<div class=\"elementor-icon-box-wrapper\">\n\n\t\t\t\t\t\t<div class=\"elementor-icon-box-icon\">\n\t\t\t\t<span  class=\"elementor-icon\">\n\t\t\t\t<i aria-hidden=\"true\" class=\"fas fa-calculator\"><\/i>\t\t\t\t<\/span>\n\t\t\t<\/div>\n\t\t\t\n\t\t\t\t\t\t<div class=\"elementor-icon-box-content\">\n\n\t\t\t\t\t\t\t\t\t<h2 class=\"elementor-icon-box-title\">\n\t\t\t\t\t\t<span  >\n\t\t\t\t\t\t\tDemander un devis\t\t\t\t\t\t<\/span>\n\t\t\t\t\t<\/h2>\n\t\t\t\t\n\t\t\t\t\t\t\t\t\t<p class=\"elementor-icon-box-description\">\n\t\t\t\t\t\tParlez-nous un peu de ce que vous recherchez et laissez-nous faire le reste. \nNous vous enverrons un devis personnalis\u00e9.\t\t\t\t\t<\/p>\n\t\t\t\t\n\t\t\t<\/div>\n\t\t\t\n\t\t<\/div>\n\t\t\t\t\t\t<\/div>\n\t\t\t\t<\/div>\n\t\t\t\t<div class=\"elementor-element elementor-element-7b1b46e elementor-align-center elementor-widget elementor-widget-button\" data-id=\"7b1b46e\" data-element_type=\"widget\" data-widget_type=\"button.default\">\n\t\t\t\t<div class=\"elementor-widget-container\">\n\t\t\t\t\t\t\t\t\t<div class=\"elementor-button-wrapper\">\n\t\t\t\t\t<a class=\"elementor-button elementor-button-link elementor-size-sm\" href=\"https:\/\/vensure.ca\/fr\/demandez-un-devis\/\">\n\t\t\t\t\t\t<span class=\"elementor-button-content-wrapper\">\n\t\t\t\t\t\t\t\t\t<span class=\"elementor-button-text\">Demander un devis<\/span>\n\t\t\t\t\t<\/span>\n\t\t\t\t\t<\/a>\n\t\t\t\t<\/div>\n\t\t\t\t\t\t\t\t<\/div>\n\t\t\t\t<\/div>\n\t\t\t\t<div class=\"elementor-element elementor-element-4515e77 elementor-widget-divider--view-line elementor-widget elementor-widget-divider\" data-id=\"4515e77\" data-element_type=\"widget\" data-widget_type=\"divider.default\">\n\t\t\t\t<div class=\"elementor-widget-container\">\n\t\t\t\t\t\t\t<div class=\"elementor-divider\">\n\t\t\t<span class=\"elementor-divider-separator\">\n\t\t\t\t\t\t<\/span>\n\t\t<\/div>\n\t\t\t\t\t\t<\/div>\n\t\t\t\t<\/div>\n\t\t\t\t<div class=\"elementor-element elementor-element-43854dc elementor-widget elementor-widget-image\" data-id=\"43854dc\" data-element_type=\"widget\" data-widget_type=\"image.default\">\n\t\t\t\t<div class=\"elementor-widget-container\">\n\t\t\t\t\t\t\t\t\t\t\t\t\t\t\t<img fetchpriority=\"high\" decoding=\"async\" width=\"640\" height=\"426\" src=\"https:\/\/vensure.ca\/wp-content\/uploads\/2023\/02\/time-2980690_640.jpg\" class=\"attachment-large size-large wp-image-489\" alt=\"An analog clock in an office desk\" srcset=\"https:\/\/vensure.ca\/wp-content\/uploads\/2023\/02\/time-2980690_640.jpg 640w, https:\/\/vensure.ca\/wp-content\/uploads\/2023\/02\/time-2980690_640-300x200.jpg 300w\" sizes=\"(max-width: 640px) 100vw, 640px\" \/>\t\t\t\t\t\t\t\t\t\t\t\t\t\t\t<\/div>\n\t\t\t\t<\/div>\n\t\t\t\t<div class=\"elementor-element elementor-element-120c7fb elementor-view-stacked elementor-shape-circle elementor-position-top elementor-mobile-position-top elementor-widget elementor-widget-icon-box\" data-id=\"120c7fb\" data-element_type=\"widget\" data-widget_type=\"icon-box.default\">\n\t\t\t\t<div class=\"elementor-widget-container\">\n\t\t\t\t\t\t\t<div class=\"elementor-icon-box-wrapper\">\n\n\t\t\t\t\t\t<div class=\"elementor-icon-box-icon\">\n\t\t\t\t<span  class=\"elementor-icon\">\n\t\t\t\t<i aria-hidden=\"true\" class=\"fas fa-phone-alt\"><\/i>\t\t\t\t<\/span>\n\t\t\t<\/div>\n\t\t\t\n\t\t\t\t\t\t<div class=\"elementor-icon-box-content\">\n\n\t\t\t\t\t\t\t\t\t<h2 class=\"elementor-icon-box-title\">\n\t\t\t\t\t\t<span  >\n\t\t\t\t\t\t\tContactez-nous\t\t\t\t\t\t<\/span>\n\t\t\t\t\t<\/h2>\n\t\t\t\t\n\t\t\t\t\t\t\t\t\t<p class=\"elementor-icon-box-description\">\n\t\t\t\t\t\tVous avez une question ? \nNous avons une r\u00e9ponse ! \nContactez-nous d\u00e8s aujourd'hui.\t\t\t\t\t<\/p>\n\t\t\t\t\n\t\t\t<\/div>\n\t\t\t\n\t\t<\/div>\n\t\t\t\t\t\t<\/div>\n\t\t\t\t<\/div>\n\t\t\t\t<div class=\"elementor-element elementor-element-b13fc78 elementor-align-center elementor-widget elementor-widget-button\" data-id=\"b13fc78\" data-element_type=\"widget\" data-widget_type=\"button.default\">\n\t\t\t\t<div class=\"elementor-widget-container\">\n\t\t\t\t\t\t\t\t\t<div class=\"elementor-button-wrapper\">\n\t\t\t\t\t<a class=\"elementor-button elementor-button-link elementor-size-sm\" href=\"https:\/\/vensure.ca\/fr\/contact\/\">\n\t\t\t\t\t\t<span class=\"elementor-button-content-wrapper\">\n\t\t\t\t\t\t\t\t\t<span class=\"elementor-button-text\">Contactez-nous<\/span>\n\t\t\t\t\t<\/span>\n\t\t\t\t\t<\/a>\n\t\t\t\t<\/div>\n\t\t\t\t\t\t\t\t<\/div>\n\t\t\t\t<\/div>\n\t\t\t\t\t<\/div>\n\t\t<\/div>\n\t\t\t\t\t<\/div>\n\t\t<\/section>\n\t\t\t\t<\/div>\n\t\t\t\t<\/div>\n\t\t\t\t\t\t<\/div>\n\t\t\t\t<\/div>\n\t\t\t\t\t<\/div>\n\t\t<\/div>\n\t\t\t\t\t<\/div>\n\t\t<\/section>\n\t\t\t\t<\/div>\n\t\t","protected":false},"excerpt":{"rendered":"<p>Externaliser le traitement de la paie Les services canadiens de r\u00e9mun\u00e9ration VensureHR permettent aux administrateurs qui ont des exigences complexes de b\u00e9n\u00e9ficier d\u2019une solution d\u2019affaires offrant le meilleur des deux mondes. En vous \u00e9quipant du module de pr\u00e9paration de la paie EMPulse, votre entreprise peut assurer la gestion de toutes les t\u00e2ches fastidieuses qui sont [&hellip;]<\/p>\n","protected":false},"author":1,"featured_media":0,"parent":0,"menu_order":0,"comment_status":"closed","ping_status":"closed","template":"elementor_header_footer","meta":{"footnotes":""},"class_list":["post-672","page","type-page","status-publish","hentry"],"_links":{"self":[{"href":"https:\/\/vensure.ca\/fr\/wp-json\/wp\/v2\/pages\/672","targetHints":{"allow":["GET"]}}],"collection":[{"href":"https:\/\/vensure.ca\/fr\/wp-json\/wp\/v2\/pages"}],"about":[{"href":"https:\/\/vensure.ca\/fr\/wp-json\/wp\/v2\/types\/page"}],"author":[{"embeddable":true,"href":"https:\/\/vensure.ca\/fr\/wp-json\/wp\/v2\/users\/1"}],"replies":[{"embeddable":true,"href":"https:\/\/vensure.ca\/fr\/wp-json\/wp\/v2\/comments?post=672"}],"version-history":[{"count":11,"href":"https:\/\/vensure.ca\/fr\/wp-json\/wp\/v2\/pages\/672\/revisions"}],"predecessor-version":[{"id":1557,"href":"https:\/\/vensure.ca\/fr\/wp-json\/wp\/v2\/pages\/672\/revisions\/1557"}],"wp:attachment":[{"href":"https:\/\/vensure.ca\/fr\/wp-json\/wp\/v2\/media?parent=672"}],"curies":[{"name":"wp","href":"https:\/\/api.w.org\/{rel}","templated":true}]}}