{"id":706,"date":"2023-02-23T18:27:30","date_gmt":"2023-02-23T18:27:30","guid":{"rendered":"https:\/\/determined-robinson.67-225-176-108.plesk.page\/?page_id=706"},"modified":"2024-06-07T20:29:48","modified_gmt":"2024-06-07T20:29:48","slug":"vensurehr-select","status":"publish","type":"page","link":"https:\/\/vensure.ca\/fr\/vensurehr-select\/","title":{"rendered":"VensureHR Select"},"content":{"rendered":"\t\t<div data-elementor-type=\"wp-page\" data-elementor-id=\"706\" class=\"elementor elementor-706 elementor-386\" data-elementor-post-type=\"page\">\n\t\t\t\t\t\t<main class=\"elementor-section elementor-top-section elementor-element elementor-element-d1a7742 elementor-section-full_width elementor-section-height-default elementor-section-height-default\" data-id=\"d1a7742\" data-element_type=\"section\" id=\"content\">\n\t\t\t\t\t\t<div class=\"elementor-container elementor-column-gap-no\">\n\t\t\t\t\t<div class=\"elementor-column elementor-col-100 elementor-top-column elementor-element elementor-element-1518110\" data-id=\"1518110\" data-element_type=\"column\">\n\t\t\t<div class=\"elementor-widget-wrap elementor-element-populated\">\n\t\t\t\t\t\t<div class=\"elementor-element elementor-element-00fb838 elementor-widget elementor-widget-template\" data-id=\"00fb838\" data-element_type=\"widget\" data-widget_type=\"template.default\">\n\t\t\t\t<div class=\"elementor-widget-container\">\n\t\t\t\t\t\t\t<div class=\"elementor-template\">\n\t\t\t\t\t<div data-elementor-type=\"section\" data-elementor-id=\"510\" class=\"elementor elementor-510 elementor-159\" data-elementor-post-type=\"elementor_library\">\n\t\t\t\t\t<section class=\"elementor-section elementor-top-section elementor-element elementor-element-4a59392 elementor-section-content-middle elementor-section-boxed elementor-section-height-default elementor-section-height-default\" data-id=\"4a59392\" data-element_type=\"section\" data-settings=\"{&quot;background_background&quot;:&quot;classic&quot;}\">\n\t\t\t\t\t\t<div class=\"elementor-container elementor-column-gap-default\">\n\t\t\t\t\t<div class=\"elementor-column elementor-col-50 elementor-top-column elementor-element elementor-element-09b3ac0\" data-id=\"09b3ac0\" data-element_type=\"column\">\n\t\t\t<div class=\"elementor-widget-wrap elementor-element-populated\">\n\t\t\t\t\t\t<div class=\"elementor-element elementor-element-3a9b063 elementor-widget elementor-widget-heading\" data-id=\"3a9b063\" data-element_type=\"widget\" data-widget_type=\"heading.default\">\n\t\t\t\t<div class=\"elementor-widget-container\">\n\t\t\t\t\t<h2 class=\"elementor-heading-title elementor-size-default\">VensureHR Select<\/h2>\t\t\t\t<\/div>\n\t\t\t\t<\/div>\n\t\t\t\t\t<\/div>\n\t\t<\/div>\n\t\t\t\t<div class=\"elementor-column elementor-col-50 elementor-top-column elementor-element elementor-element-20686e4\" data-id=\"20686e4\" data-element_type=\"column\">\n\t\t\t<div class=\"elementor-widget-wrap elementor-element-populated\">\n\t\t\t\t\t\t<div class=\"elementor-element elementor-element-adc85b7 jet-breadcrumbs-align-right jet-breadcrumbs-align-mobile-left elementor-widget elementor-widget-jet-breadcrumbs\" data-id=\"adc85b7\" data-element_type=\"widget\" data-widget_type=\"jet-breadcrumbs.default\">\n\t\t\t\t<div class=\"elementor-widget-container\">\n\t\t\t\t\t<div class=\"elementor-jet-breadcrumbs jet-blocks\">\n\t\t<div class=\"jet-breadcrumbs\">\n\t\t<div class=\"jet-breadcrumbs__content\">\n\t\t<div class=\"jet-breadcrumbs__wrap\"><div class=\"jet-breadcrumbs__item\"><a href=\"https:\/\/vensure.ca\/fr\/\" class=\"jet-breadcrumbs__item-link is-home\" rel=\"home\" title=\"Accueil\">Accueil<\/a><\/div>\n\t\t<\/div>\n\t\t<\/div>\n\t\t<\/div><\/div>\t\t\t\t<\/div>\n\t\t\t\t<\/div>\n\t\t\t\t\t<\/div>\n\t\t<\/div>\n\t\t\t\t\t<\/div>\n\t\t<\/section>\n\t\t\t\t<\/div>\n\t\t\t\t<\/div>\n\t\t\t\t\t\t<\/div>\n\t\t\t\t<\/div>\n\t\t\t\t\t<\/div>\n\t\t<\/div>\n\t\t\t\t\t<\/div>\n\t\t<\/main>\n\t\t\t\t<section class=\"elementor-section elementor-top-section elementor-element elementor-element-bceaf29 elementor-section-boxed elementor-section-height-default elementor-section-height-default\" data-id=\"bceaf29\" data-element_type=\"section\">\n\t\t\t\t\t\t<div class=\"elementor-container elementor-column-gap-default\">\n\t\t\t\t\t<div class=\"elementor-column elementor-col-100 elementor-top-column elementor-element elementor-element-c7bee31\" data-id=\"c7bee31\" data-element_type=\"column\">\n\t\t\t<div class=\"elementor-widget-wrap elementor-element-populated\">\n\t\t\t\t\t\t<div class=\"elementor-element elementor-element-d0dd3ba elementor-widget elementor-widget-heading\" data-id=\"d0dd3ba\" data-element_type=\"widget\" data-widget_type=\"heading.default\">\n\t\t\t\t<div class=\"elementor-widget-container\">\n\t\t\t\t\t<h1 class=\"elementor-heading-title elementor-size-default\">VensureHR Select<\/h1>\t\t\t\t<\/div>\n\t\t\t\t<\/div>\n\t\t\t\t<div class=\"elementor-element elementor-element-be5b2e6 elementor-widget elementor-widget-text-editor\" data-id=\"be5b2e6\" data-element_type=\"widget\" data-widget_type=\"text-editor.default\">\n\t\t\t\t<div class=\"elementor-widget-container\">\n\t\t\t\t\t\t\t\t\t<ul class=\"sub-menu\"><li id=\"menu-item-16112\" class=\"menu-item menu-item-type-post_type menu-item-object-page menu-item-16112\"><a href=\"https:\/\/vensure.ca\/fr\/overview\/\">Aper\u00e7u<\/a><\/li><li id=\"menu-item-16124\" class=\"menu-item menu-item-type-post_type menu-item-object-page menu-item-16124\"><a href=\"https:\/\/vensure.ca\/fr\/time-entry-and-approval\/\">Saisie des heures et approbation<\/a><\/li><li id=\"menu-item-15659\" class=\"menu-item menu-item-type-post_type menu-item-object-page menu-item-15659\"><a href=\"https:\/\/vensure.ca\/fr\/ressources-humaines\/\">Ressources Humaines<\/a><\/li><li id=\"menu-item-15656\" class=\"menu-item menu-item-type-post_type menu-item-object-page menu-item-15656\"><a href=\"https:\/\/vensure.ca\/fr\/payroll-preparation\/\">Pr\u00e9paration de la paie<\/a><\/li><li id=\"menu-item-15657\" class=\"menu-item menu-item-type-post_type menu-item-object-page menu-item-15657\"><a href=\"https:\/\/vensure.ca\/fr\/payroll-processing\/\">Externaliser le traitement de la paie<\/a><\/li><li id=\"menu-item-15658\" class=\"menu-item menu-item-type-post_type menu-item-object-page menu-item-15658\"><a href=\"https:\/\/vensure.ca\/fr\/job-costing\/\">\u00e9valuations de co\u00fbts<\/a><\/li><\/ul>\t\t\t\t\t\t\t\t<\/div>\n\t\t\t\t<\/div>\n\t\t\t\t\t<\/div>\n\t\t<\/div>\n\t\t\t\t\t<\/div>\n\t\t<\/section>\n\t\t\t\t<\/div>\n\t\t","protected":false},"excerpt":{"rendered":"<p>VensureHR Select Aper\u00e7u Saisie des heures et approbation Ressources Humaines Pr\u00e9paration de la paie Externaliser le traitement de la paie \u00e9valuations de co\u00fbts<\/p>\n","protected":false},"author":1,"featured_media":0,"parent":0,"menu_order":0,"comment_status":"closed","ping_status":"closed","template":"elementor_header_footer","meta":{"footnotes":""},"class_list":["post-706","page","type-page","status-publish","hentry"],"_links":{"self":[{"href":"https:\/\/vensure.ca\/fr\/wp-json\/wp\/v2\/pages\/706","targetHints":{"allow":["GET"]}}],"collection":[{"href":"https:\/\/vensure.ca\/fr\/wp-json\/wp\/v2\/pages"}],"about":[{"href":"https:\/\/vensure.ca\/fr\/wp-json\/wp\/v2\/types\/page"}],"author":[{"embeddable":true,"href":"https:\/\/vensure.ca\/fr\/wp-json\/wp\/v2\/users\/1"}],"replies":[{"embeddable":true,"href":"https:\/\/vensure.ca\/fr\/wp-json\/wp\/v2\/comments?post=706"}],"version-history":[{"count":8,"href":"https:\/\/vensure.ca\/fr\/wp-json\/wp\/v2\/pages\/706\/revisions"}],"predecessor-version":[{"id":1605,"href":"https:\/\/vensure.ca\/fr\/wp-json\/wp\/v2\/pages\/706\/revisions\/1605"}],"wp:attachment":[{"href":"https:\/\/vensure.ca\/fr\/wp-json\/wp\/v2\/media?parent=706"}],"curies":[{"name":"wp","href":"https:\/\/api.w.org\/{rel}","templated":true}]}}